{"id":127,"date":"2024-02-05T17:20:15","date_gmt":"2024-02-05T17:20:15","guid":{"rendered":"https:\/\/fonharsas.com.co\/?page_id=127"},"modified":"2024-02-05T21:38:59","modified_gmt":"2024-02-05T21:38:59","slug":"compromiso-ambiental","status":"publish","type":"page","link":"https:\/\/fonharsas.com.co\/index.php\/compromiso-ambiental\/","title":{"rendered":"Compromiso Ambiental"},"content":{"rendered":"\t\t<div data-elementor-type=\"wp-page\" data-elementor-id=\"127\" class=\"elementor elementor-127\" data-elementor-post-type=\"page\">\n\t\t\t\t\t\t<section data-particle_enable=\"false\" data-particle-mobile-disabled=\"false\" class=\"elementor-section elementor-top-section elementor-element elementor-element-5f9ecc2d elementor-section-boxed elementor-section-height-default elementor-section-height-default\" data-id=\"5f9ecc2d\" data-element_type=\"section\" data-settings=\"{&quot;background_background&quot;:&quot;gradient&quot;}\">\n\t\t\t\t\t\t\t<div class=\"elementor-background-overlay\"><\/div>\n\t\t\t\t\t\t\t<div class=\"elementor-container elementor-column-gap-default\">\n\t\t\t\t\t<div class=\"elementor-column elementor-col-100 elementor-top-column elementor-element elementor-element-6da3d360\" data-id=\"6da3d360\" data-element_type=\"column\">\n\t\t\t<div class=\"elementor-widget-wrap elementor-element-populated\">\n\t\t\t\t\t\t<div class=\"elementor-element elementor-element-46f9ab8b elementor-invisible elementor-widget elementor-widget-heading\" data-id=\"46f9ab8b\" data-element_type=\"widget\" data-settings=\"{&quot;_animation&quot;:&quot;fadeInUp&quot;}\" data-widget_type=\"heading.default\">\n\t\t\t\t<div class=\"elementor-widget-container\">\n\t\t\t\t\t<h1 class=\"elementor-heading-title elementor-size-default\">Compromiso Ambiental<\/h1>\t\t\t\t<\/div>\n\t\t\t\t<\/div>\n\t\t\t\t\t<\/div>\n\t\t<\/div>\n\t\t\t\t\t<\/div>\n\t\t<\/section>\n\t\t\t\t<section data-particle_enable=\"false\" data-particle-mobile-disabled=\"false\" class=\"elementor-section elementor-top-section elementor-element elementor-element-3fb79cf5 elementor-reverse-tablet elementor-reverse-mobile elementor-section-boxed elementor-section-height-default elementor-section-height-default\" data-id=\"3fb79cf5\" data-element_type=\"section\">\n\t\t\t\t\t\t<div class=\"elementor-container elementor-column-gap-default\">\n\t\t\t\t\t<div class=\"elementor-column elementor-col-50 elementor-top-column elementor-element elementor-element-534a6d8\" data-id=\"534a6d8\" data-element_type=\"column\">\n\t\t\t<div class=\"elementor-widget-wrap elementor-element-populated\">\n\t\t\t\t\t\t<section data-particle_enable=\"false\" data-particle-mobile-disabled=\"false\" class=\"elementor-section elementor-inner-section elementor-element elementor-element-45ba4bfb elementor-section-boxed elementor-section-height-default elementor-section-height-default elementor-invisible\" data-id=\"45ba4bfb\" data-element_type=\"section\" data-settings=\"{&quot;background_background&quot;:&quot;gradient&quot;,&quot;animation&quot;:&quot;fadeInLeft&quot;}\">\n\t\t\t\t\t\t\t<div class=\"elementor-background-overlay\"><\/div>\n\t\t\t\t\t\t\t<div class=\"elementor-container elementor-column-gap-default\">\n\t\t\t\t\t<div class=\"elementor-column elementor-col-100 elementor-inner-column elementor-element elementor-element-6bbc5201\" data-id=\"6bbc5201\" data-element_type=\"column\">\n\t\t\t<div class=\"elementor-widget-wrap elementor-element-populated\">\n\t\t\t\t\t\t<div class=\"elementor-element elementor-element-1ca01ea9 elementor-widget elementor-widget-heading\" data-id=\"1ca01ea9\" data-element_type=\"widget\" data-widget_type=\"heading.default\">\n\t\t\t\t<div class=\"elementor-widget-container\">\n\t\t\t\t\t<h2 class=\"elementor-heading-title elementor-size-default\">\u00bfNecesitas Ayuda?<\/h2>\t\t\t\t<\/div>\n\t\t\t\t<\/div>\n\t\t\t\t<div class=\"elementor-element elementor-element-1bb217df elementor-widget elementor-widget-text-editor\" data-id=\"1bb217df\" data-element_type=\"widget\" data-widget_type=\"text-editor.default\">\n\t\t\t\t<div class=\"elementor-widget-container\">\n\t\t\t\t\t\t\t\t\t<p>\u00a1No dudes en escribirnos!<\/p>\t\t\t\t\t\t\t\t<\/div>\n\t\t\t\t<\/div>\n\t\t\t\t<div class=\"elementor-element elementor-element-3edadfd5 elementor-widget elementor-widget-heading\" data-id=\"3edadfd5\" data-element_type=\"widget\" data-widget_type=\"heading.default\">\n\t\t\t\t<div class=\"elementor-widget-container\">\n\t\t\t\t\t<h4 class=\"elementor-heading-title elementor-size-default\">+57 3013031645<\/h4>\t\t\t\t<\/div>\n\t\t\t\t<\/div>\n\t\t\t\t<div class=\"elementor-element elementor-element-1aa05b5 elementor-widget elementor-widget-heading\" data-id=\"1aa05b5\" data-element_type=\"widget\" data-widget_type=\"heading.default\">\n\t\t\t\t<div class=\"elementor-widget-container\">\n\t\t\t\t\t<h4 class=\"elementor-heading-title elementor-size-default\">+57 300 9562972\n<\/h4>\t\t\t\t<\/div>\n\t\t\t\t<\/div>\n\t\t\t\t\t<\/div>\n\t\t<\/div>\n\t\t\t\t\t<\/div>\n\t\t<\/section>\n\t\t\t\t\t<\/div>\n\t\t<\/div>\n\t\t\t\t<div class=\"elementor-column elementor-col-50 elementor-top-column elementor-element elementor-element-54469885 elementor-invisible\" data-id=\"54469885\" data-element_type=\"column\" data-settings=\"{&quot;animation&quot;:&quot;fadeInRight&quot;}\">\n\t\t\t<div class=\"elementor-widget-wrap elementor-element-populated\">\n\t\t\t\t\t\t<div class=\"elementor-element elementor-element-20e0fb24 elementor-widget elementor-widget-heading\" data-id=\"20e0fb24\" data-element_type=\"widget\" data-widget_type=\"heading.default\">\n\t\t\t\t<div class=\"elementor-widget-container\">\n\t\t\t\t\t<h3 class=\"elementor-heading-title elementor-size-default\"> Nuestro Legado Verde<\/h3>\t\t\t\t<\/div>\n\t\t\t\t<\/div>\n\t\t\t\t<div class=\"elementor-element elementor-element-5f4896c0 elementor-widget elementor-widget-text-editor\" data-id=\"5f4896c0\" data-element_type=\"widget\" data-widget_type=\"text-editor.default\">\n\t\t\t\t<div class=\"elementor-widget-container\">\n\t\t\t\t\t\t\t\t\t<p>En Fonhar Assistance Sas, entendemos que el futuro de la construcci\u00f3n y el dise\u00f1o est\u00e1 inextricablemente ligado a la preservaci\u00f3n del medio ambiente. Nuestro enfoque de sostenibilidad se refleja en cada proyecto, en cada decisi\u00f3n que tomamos y en cada innovaci\u00f3n que implementamos.<\/p>\t\t\t\t\t\t\t\t<\/div>\n\t\t\t\t<\/div>\n\t\t\t\t<div class=\"elementor-element elementor-element-7c56c9a4 elementor-widget elementor-widget-elementskit-accordion\" data-id=\"7c56c9a4\" data-element_type=\"widget\" data-widget_type=\"elementskit-accordion.default\">\n\t\t\t\t<div class=\"elementor-widget-container\">\n\t\t\t\t\t<div class=\"ekit-wid-con\" >\n        <div class=\"elementskit-accordion accoedion-primary\" id=\"accordion-69e5f7ac3fa5b\">\n\n            \n                <div class=\"elementskit-card active\">\n                    <div class=\"elementskit-card-header\" id=\"primaryHeading-0-7c56c9a4\">\n                        <a href=\"#collapse-342d6fe69e5f7ac3fa5b\" class=\"ekit-accordion--toggler elementskit-btn-link collapsed\" data-ekit-toggle=\"collapse\" data-target=\"#Collapse-342d6fe69e5f7ac3fa5b\" aria-expanded=\"true\" aria-controls=\"Collapse-342d6fe69e5f7ac3fa5b\">\n                            \n                            <span class=\"ekit-accordion-title\">Nuestro Enfoque:<\/span>\n\n                            \n                                <div class=\"ekit_accordion_icon_group\">\n                                    <div class=\"ekit_accordion_normal_icon\">\n                                        <!-- Normal Icon -->\n                                        <i aria-hidden=\"true\" class=\"icon-open icon-right icon icon-down-arrow1\"><\/i>                                    <\/div>\n\n                                    <div class=\"ekit_accordion_active_icon\">\n                                        <!-- Active Icon -->\n                                        <i aria-hidden=\"true\" class=\"icon-closed icon-right icon icon-up-arrow\"><\/i>                                    <\/div>\n\n                                <\/div>\n\n                            \n                                                    <\/a>\n                    <\/div>\n\n                    <div id=\"Collapse-342d6fe69e5f7ac3fa5b\" class=\" show collapse\" aria-labelledby=\"primaryHeading-0-7c56c9a4\" data-parent=\"#accordion-69e5f7ac3fa5b\">\n\n                        <div class=\"elementskit-card-body ekit-accordion--content\">\n                            <ul><li><strong>Materiales Eco-Amigables:<\/strong> Seleccionamos materiales reciclables y sostenibles, reduciendo el impacto ambiental de nuestras construcciones.<\/li><li><strong>Eficiencia Energ\u00e9tica:<\/strong> Integramos tecnolog\u00edas de ahorro de energ\u00eda para minimizar el consumo y maximizar la eficiencia.<\/li><li><strong>Gesti\u00f3n de Residuos:<\/strong> Adoptamos pr\u00e1cticas de reciclaje y reducci\u00f3n de residuos en todos nuestros sitios de trabajo.<\/li><li><strong>Agua y Conservaci\u00f3n:<\/strong> Implementamos sistemas de conservaci\u00f3n de agua para asegurar un uso responsable de este recurso vital.<\/li><\/ul>                        <\/div>\n\n                    <\/div>\n\n                <\/div><!-- .elementskit-card END -->\n\n                \n                <div class=\"elementskit-card \">\n                    <div class=\"elementskit-card-header\" id=\"primaryHeading-1-7c56c9a4\">\n                        <a href=\"#collapse-9c22b2a69e5f7ac3fa5b\" class=\"ekit-accordion--toggler elementskit-btn-link collapsed\" data-ekit-toggle=\"collapse\" data-target=\"#Collapse-9c22b2a69e5f7ac3fa5b\" aria-expanded=\"false\" aria-controls=\"Collapse-9c22b2a69e5f7ac3fa5b\">\n                            \n                            <span class=\"ekit-accordion-title\">Proyectos Emblem\u00e1ticos:<\/span>\n\n                            \n                                <div class=\"ekit_accordion_icon_group\">\n                                    <div class=\"ekit_accordion_normal_icon\">\n                                        <!-- Normal Icon -->\n                                        <i aria-hidden=\"true\" class=\"icon-open icon-right icon icon-down-arrow1\"><\/i>                                    <\/div>\n\n                                    <div class=\"ekit_accordion_active_icon\">\n                                        <!-- Active Icon -->\n                                        <i aria-hidden=\"true\" class=\"icon-closed icon-right icon icon-up-arrow\"><\/i>                                    <\/div>\n\n                                <\/div>\n\n                            \n                                                    <\/a>\n                    <\/div>\n\n                    <div id=\"Collapse-9c22b2a69e5f7ac3fa5b\" class=\" collapse\" aria-labelledby=\"primaryHeading-1-7c56c9a4\" data-parent=\"#accordion-69e5f7ac3fa5b\">\n\n                        <div class=\"elementskit-card-body ekit-accordion--content\">\n                            <ul><li><strong>Edificio Azul Verde:<\/strong> Un complejo de oficinas con certificaci\u00f3n LEED, destacando por su arquitectura bioclim\u00e1tica y uso de energ\u00edas renovables.<\/li><li><strong>Parque Ecol\u00f3gico Respiremos:<\/strong> Creaci\u00f3n de un \u00e1rea verde urbana que promueve la biodiversidad y ofrece un espacio de esparcimiento sostenible.<\/li><li><strong>Rehabilitaci\u00f3n del R\u00edo Vida:<\/strong> Un proyecto de restauraci\u00f3n de cauces fluviales que ha revivido ecosistemas y mejorado la calidad del agua.<\/li><\/ul>                        <\/div>\n\n                    <\/div>\n\n                <\/div><!-- .elementskit-card END -->\n\n                \n                <div class=\"elementskit-card \">\n                    <div class=\"elementskit-card-header\" id=\"primaryHeading-2-7c56c9a4\">\n                        <a href=\"#collapse-d92f28669e5f7ac3fa5b\" class=\"ekit-accordion--toggler elementskit-btn-link collapsed\" data-ekit-toggle=\"collapse\" data-target=\"#Collapse-d92f28669e5f7ac3fa5b\" aria-expanded=\"false\" aria-controls=\"Collapse-d92f28669e5f7ac3fa5b\">\n                            \n                            <span class=\"ekit-accordion-title\">Compromiso a Largo Plazo:<\/span>\n\n                            \n                                <div class=\"ekit_accordion_icon_group\">\n                                    <div class=\"ekit_accordion_normal_icon\">\n                                        <!-- Normal Icon -->\n                                        <i aria-hidden=\"true\" class=\"icon-open icon-right icon icon-down-arrow1\"><\/i>                                    <\/div>\n\n                                    <div class=\"ekit_accordion_active_icon\">\n                                        <!-- Active Icon -->\n                                        <i aria-hidden=\"true\" class=\"icon-closed icon-right icon icon-up-arrow\"><\/i>                                    <\/div>\n\n                                <\/div>\n\n                            \n                                                    <\/a>\n                    <\/div>\n\n                    <div id=\"Collapse-d92f28669e5f7ac3fa5b\" class=\" collapse\" aria-labelledby=\"primaryHeading-2-7c56c9a4\" data-parent=\"#accordion-69e5f7ac3fa5b\">\n\n                        <div class=\"elementskit-card-body ekit-accordion--content\">\n                            <p>Nuestro compromiso con el medio ambiente es una promesa continua. Estamos dedicados a liderar el cambio hacia pr\u00e1cticas m\u00e1s verdes en la industria, asegurando que cada paso que damos contribuye a un futuro m\u00e1s saludable y sostenible para todos.<\/p>                        <\/div>\n\n                    <\/div>\n\n                <\/div><!-- .elementskit-card END -->\n\n                \n                <div class=\"elementskit-card \">\n                    <div class=\"elementskit-card-header\" id=\"primaryHeading-3-7c56c9a4\">\n                        <a href=\"#collapse-faae86a69e5f7ac3fa5b\" class=\"ekit-accordion--toggler elementskit-btn-link collapsed\" data-ekit-toggle=\"collapse\" data-target=\"#Collapse-faae86a69e5f7ac3fa5b\" aria-expanded=\"false\" aria-controls=\"Collapse-faae86a69e5f7ac3fa5b\">\n                            \n                            <span class=\"ekit-accordion-title\">\u00danete a Nosotros:<\/span>\n\n                            \n                                <div class=\"ekit_accordion_icon_group\">\n                                    <div class=\"ekit_accordion_normal_icon\">\n                                        <!-- Normal Icon -->\n                                        <i aria-hidden=\"true\" class=\"icon-open icon-right icon icon-down-arrow1\"><\/i>                                    <\/div>\n\n                                    <div class=\"ekit_accordion_active_icon\">\n                                        <!-- Active Icon -->\n                                        <i aria-hidden=\"true\" class=\"icon-closed icon-right icon icon-up-arrow\"><\/i>                                    <\/div>\n\n                                <\/div>\n\n                            \n                                                    <\/a>\n                    <\/div>\n\n                    <div id=\"Collapse-faae86a69e5f7ac3fa5b\" class=\" collapse\" aria-labelledby=\"primaryHeading-3-7c56c9a4\" data-parent=\"#accordion-69e5f7ac3fa5b\">\n\n                        <div class=\"elementskit-card-body ekit-accordion--content\">\n                            <p>Invitamos a nuestros clientes y colaboradores a unirse a este viaje sostenible, eligiendo soluciones que no solo cumplen con sus expectativas sino que tambi\u00e9n cuidan nuestro planeta.<\/p>                        <\/div>\n\n                    <\/div>\n\n                <\/div><!-- .elementskit-card END -->\n\n                        <\/div>\n    <\/div>\t\t\t\t<\/div>\n\t\t\t\t<\/div>\n\t\t\t\t\t<\/div>\n\t\t<\/div>\n\t\t\t\t\t<\/div>\n\t\t<\/section>\n\t\t\t\t<\/div>\n\t\t","protected":false},"excerpt":{"rendered":"<p>\u00bfNecesitas Ayuda? \u00a1No dudes en escribirnos! +57 3013031645 +57 300 9562972 Nuestro Legado Verde En Fonhar Assistance Sas, entendemos que [&hellip;]<\/p>\n","protected":false},"author":1,"featured_media":0,"parent":0,"menu_order":0,"comment_status":"closed","ping_status":"closed","template":"elementor_header_footer","meta":{"site-sidebar-layout":"no-sidebar","site-content-layout":"","ast-site-content-layout":"full-width-container","site-content-style":"default","site-sidebar-style":"default","ast-global-header-display":"","ast-banner-title-visibility":"","ast-main-header-display":"","ast-hfb-above-header-display":"","ast-hfb-below-header-display":"","ast-hfb-mobile-header-display":"","site-post-title":"disabled","ast-breadcrumbs-content":"","ast-featured-img":"disabled","footer-sml-layout":"","theme-transparent-header-meta":"","adv-header-id-meta":"","stick-header-meta":"","header-above-stick-meta":"","header-main-stick-meta":"","header-below-stick-meta":"","astra-migrate-meta-layouts":"default","ast-page-background-enabled":"default","ast-page-background-meta":{"desktop":{"background-color":"var(--ast-global-color-4)","background-image":"","background-repeat":"repeat","background-position":"center center","background-size":"auto","background-attachment":"scroll","background-type":"","background-media":"","overlay-type":"","overlay-color":"","overlay-gradient":""},"tablet":{"background-color":"","background-image":"","background-repeat":"repeat","background-position":"center center","background-size":"auto","background-attachment":"scroll","background-type":"","background-media":"","overlay-type":"","overlay-color":"","overlay-gradient":""},"mobile":{"background-color":"","background-image":"","background-repeat":"repeat","background-position":"center center","background-size":"auto","background-attachment":"scroll","background-type":"","background-media":"","overlay-type":"","overlay-color":"","overlay-gradient":""}},"ast-content-background-meta":{"desktop":{"background-color":"var(--ast-global-color-5)","background-image":"","background-repeat":"repeat","background-position":"center center","background-size":"auto","background-attachment":"scroll","background-type":"","background-media":"","overlay-type":"","overlay-color":"","overlay-gradient":""},"tablet":{"background-color":"var(--ast-global-color-5)","background-image":"","background-repeat":"repeat","background-position":"center center","background-size":"auto","background-attachment":"scroll","background-type":"","background-media":"","overlay-type":"","overlay-color":"","overlay-gradient":""},"mobile":{"background-color":"var(--ast-global-color-5)","background-image":"","background-repeat":"repeat","background-position":"center center","background-size":"auto","background-attachment":"scroll","background-type":"","background-media":"","overlay-type":"","overlay-color":"","overlay-gradient":""}},"_joinchat":[],"footnotes":""},"class_list":["post-127","page","type-page","status-publish","hentry"],"yoast_head":"<!-- This site is optimized with the Yoast SEO Premium plugin v20.4 (Yoast SEO v22.1) - https:\/\/yoast.com\/wordpress\/plugins\/seo\/ -->\n<title>Compromiso Ambiental - FonharSas<\/title>\n<meta name=\"robots\" content=\"index, follow, max-snippet:-1, max-image-preview:large, max-video-preview:-1\" \/>\n<link rel=\"canonical\" href=\"https:\/\/fonharsas.com.co\/index.php\/compromiso-ambiental\/\" \/>\n<meta property=\"og:locale\" content=\"es_ES\" \/>\n<meta property=\"og:type\" content=\"article\" \/>\n<meta property=\"og:title\" content=\"Compromiso Ambiental\" \/>\n<meta property=\"og:description\" content=\"\u00bfNecesitas Ayuda? \u00a1No dudes en escribirnos! +57 3013031645 +57 300 9562972 Nuestro Legado Verde En Fonhar Assistance Sas, entendemos que [&hellip;]\" \/>\n<meta property=\"og:url\" content=\"https:\/\/fonharsas.com.co\/index.php\/compromiso-ambiental\/\" \/>\n<meta property=\"og:site_name\" content=\"FonharSas\" \/>\n<meta property=\"article:modified_time\" content=\"2024-02-05T21:38:59+00:00\" \/>\n<meta name=\"twitter:card\" content=\"summary_large_image\" \/>\n<meta name=\"twitter:label1\" content=\"Tiempo de lectura\" \/>\n\t<meta name=\"twitter:data1\" content=\"2 minutos\" \/>\n<script type=\"application\/ld+json\" class=\"yoast-schema-graph\">{\"@context\":\"https:\/\/schema.org\",\"@graph\":[{\"@type\":\"WebPage\",\"@id\":\"https:\/\/fonharsas.com.co\/index.php\/compromiso-ambiental\/\",\"url\":\"https:\/\/fonharsas.com.co\/index.php\/compromiso-ambiental\/\",\"name\":\"Compromiso Ambiental - FonharSas\",\"isPartOf\":{\"@id\":\"https:\/\/fonharsas.com.co\/#website\"},\"datePublished\":\"2024-02-05T17:20:15+00:00\",\"dateModified\":\"2024-02-05T21:38:59+00:00\",\"breadcrumb\":{\"@id\":\"https:\/\/fonharsas.com.co\/index.php\/compromiso-ambiental\/#breadcrumb\"},\"inLanguage\":\"es\",\"potentialAction\":[{\"@type\":\"ReadAction\",\"target\":[\"https:\/\/fonharsas.com.co\/index.php\/compromiso-ambiental\/\"]}]},{\"@type\":\"BreadcrumbList\",\"@id\":\"https:\/\/fonharsas.com.co\/index.php\/compromiso-ambiental\/#breadcrumb\",\"itemListElement\":[{\"@type\":\"ListItem\",\"position\":1,\"name\":\"Home\",\"item\":\"https:\/\/fonharsas.com.co\/\"},{\"@type\":\"ListItem\",\"position\":2,\"name\":\"Compromiso Ambiental\"}]},{\"@type\":\"WebSite\",\"@id\":\"https:\/\/fonharsas.com.co\/#website\",\"url\":\"https:\/\/fonharsas.com.co\/\",\"name\":\"FonharSas\",\"description\":\"\",\"potentialAction\":[{\"@type\":\"SearchAction\",\"target\":{\"@type\":\"EntryPoint\",\"urlTemplate\":\"https:\/\/fonharsas.com.co\/?s={search_term_string}\"},\"query-input\":\"required name=search_term_string\"}],\"inLanguage\":\"es\"}]}<\/script>\n<!-- \/ Yoast SEO Premium plugin. -->","yoast_head_json":{"title":"Compromiso Ambiental - FonharSas","robots":{"index":"index","follow":"follow","max-snippet":"max-snippet:-1","max-image-preview":"max-image-preview:large","max-video-preview":"max-video-preview:-1"},"canonical":"https:\/\/fonharsas.com.co\/index.php\/compromiso-ambiental\/","og_locale":"es_ES","og_type":"article","og_title":"Compromiso Ambiental","og_description":"\u00bfNecesitas Ayuda? \u00a1No dudes en escribirnos! +57 3013031645 +57 300 9562972 Nuestro Legado Verde En Fonhar Assistance Sas, entendemos que [&hellip;]","og_url":"https:\/\/fonharsas.com.co\/index.php\/compromiso-ambiental\/","og_site_name":"FonharSas","article_modified_time":"2024-02-05T21:38:59+00:00","twitter_card":"summary_large_image","twitter_misc":{"Tiempo de lectura":"2 minutos"},"schema":{"@context":"https:\/\/schema.org","@graph":[{"@type":"WebPage","@id":"https:\/\/fonharsas.com.co\/index.php\/compromiso-ambiental\/","url":"https:\/\/fonharsas.com.co\/index.php\/compromiso-ambiental\/","name":"Compromiso Ambiental - FonharSas","isPartOf":{"@id":"https:\/\/fonharsas.com.co\/#website"},"datePublished":"2024-02-05T17:20:15+00:00","dateModified":"2024-02-05T21:38:59+00:00","breadcrumb":{"@id":"https:\/\/fonharsas.com.co\/index.php\/compromiso-ambiental\/#breadcrumb"},"inLanguage":"es","potentialAction":[{"@type":"ReadAction","target":["https:\/\/fonharsas.com.co\/index.php\/compromiso-ambiental\/"]}]},{"@type":"BreadcrumbList","@id":"https:\/\/fonharsas.com.co\/index.php\/compromiso-ambiental\/#breadcrumb","itemListElement":[{"@type":"ListItem","position":1,"name":"Home","item":"https:\/\/fonharsas.com.co\/"},{"@type":"ListItem","position":2,"name":"Compromiso Ambiental"}]},{"@type":"WebSite","@id":"https:\/\/fonharsas.com.co\/#website","url":"https:\/\/fonharsas.com.co\/","name":"FonharSas","description":"","potentialAction":[{"@type":"SearchAction","target":{"@type":"EntryPoint","urlTemplate":"https:\/\/fonharsas.com.co\/?s={search_term_string}"},"query-input":"required name=search_term_string"}],"inLanguage":"es"}]}},"_links":{"self":[{"href":"https:\/\/fonharsas.com.co\/index.php\/wp-json\/wp\/v2\/pages\/127","targetHints":{"allow":["GET"]}}],"collection":[{"href":"https:\/\/fonharsas.com.co\/index.php\/wp-json\/wp\/v2\/pages"}],"about":[{"href":"https:\/\/fonharsas.com.co\/index.php\/wp-json\/wp\/v2\/types\/page"}],"author":[{"embeddable":true,"href":"https:\/\/fonharsas.com.co\/index.php\/wp-json\/wp\/v2\/users\/1"}],"replies":[{"embeddable":true,"href":"https:\/\/fonharsas.com.co\/index.php\/wp-json\/wp\/v2\/comments?post=127"}],"version-history":[{"count":19,"href":"https:\/\/fonharsas.com.co\/index.php\/wp-json\/wp\/v2\/pages\/127\/revisions"}],"predecessor-version":[{"id":410,"href":"https:\/\/fonharsas.com.co\/index.php\/wp-json\/wp\/v2\/pages\/127\/revisions\/410"}],"wp:attachment":[{"href":"https:\/\/fonharsas.com.co\/index.php\/wp-json\/wp\/v2\/media?parent=127"}],"curies":[{"name":"wp","href":"https:\/\/api.w.org\/{rel}","templated":true}]}}